{"id":7199,"date":"2019-11-26T17:10:22","date_gmt":"2019-11-26T16:10:22","guid":{"rendered":"http:\/\/www.ping-it.ch\/?page_id=7199"},"modified":"2019-11-26T17:10:22","modified_gmt":"2019-11-26T16:10:22","slug":"impressum","status":"publish","type":"page","link":"http:\/\/www.ping-it.ch\/index.php\/impressum\/","title":{"rendered":"impressum"},"content":{"rendered":"<section class=\"l-section wpb_row height_medium\"><div class=\"l-section-h i-cf\"><div class=\"g-cols vc_row via_flex valign_top type_default stacking_default\"><div class=\"vc_col-sm-12 wpb_column vc_column_container\"><div class=\"vc_column-inner\"><div class=\"wpb_wrapper\"><div class=\"wpb_text_column\"><div class=\"wpb_wrapper\"><p><strong>Kontakt Adresse:<br \/>\n<\/strong>ping it ag<br \/>\nindustriestrasse 47<br \/>\nch-6300 zug<\/p>\n<p>Gesch\u00e4ftsf\u00fchrung: Andi Bachofner<\/p>\n<p>Telefon: + 41 41 508 09 58<br \/>\neMail: info[at]ping-it.ch<\/p>\n<p>Eintrag ins HR: 23.01.2008<br \/>\nHandels-Register-Nr.: CH-170.3.031.747-8<br \/>\nMwSt-Nr.: CHE-114.039.196<\/p>\n<p><strong>Erkl\u00e4rung:<br \/>\n<\/strong>Hiermit distanzieren wir uns als Autor dieser Website ausdr\u00fccklich von allen Inhalten aller gelinkten Seiten auf dieser Website und machen uns diese Inhalte nicht zu eigen. Diese Erkl\u00e4rung gilt f\u00fcr alle auf dieser Website angebrachten Links.<\/p>\n<p><strong>Copyright:<br \/>\n<\/strong>Alle Rechte vorbehalten. S\u00e4mtliche Inhalte der Website dienen ausschliesslich der pers\u00f6nlichen Information und sind nicht f\u00fcr den kommerziellen Gebrauch bestimmt. Eine Reproduktion und\/oder Weiterverwendung der Inhalte \u00fcber den pers\u00f6nlichen Gebrauch hinaus ist nicht gestattet. Nachdruck und\/oder Vervielf\u00e4ltigung der redaktionellen Inhalte einschliesslich Speicherung und Nutzung auf optischen und elektronischen Datentr\u00e4gern sind nur nach vorheriger schriftlicher Zustimmung der ping it ag gestattet. Wird die Zustimmung erteilt, m\u00fcssen die Publikation und der Autor explizit erw\u00e4hnt werden. Jeder Verstoss gegen diese Bestimmungen zieht straf- oder zivilrechtliche Folgen nach sich.<\/p>\n<\/div><\/div><\/div><\/div><\/div><\/div><\/div><\/section>\n","protected":false},"excerpt":{"rendered":"Kontakt Adresse: ping it ag industriestrasse 47 ch-6300 zug Gesch\u00e4ftsf\u00fchrung: Andi Bachofner Telefon: + 41 41 508 09 58 eMail: info[at]ping-it.ch Eintrag ins HR: 23.01.2008 Handels-Register-Nr.: CH-170.3.031.747-8 MwSt-Nr.: CHE-114.039.196 Erkl\u00e4rung: Hiermit distanzieren wir uns als Autor dieser Website ausdr\u00fccklich von allen Inhalten aller gelinkten Seiten auf dieser Website und machen uns diese Inhalte nicht zu...","protected":false},"author":1,"featured_media":0,"parent":0,"menu_order":0,"comment_status":"closed","ping_status":"closed","template":"","meta":{"_acf_changed":false,"footnotes":""},"class_list":["post-7199","page","type-page","status-publish","hentry"],"acf":[],"jetpack_sharing_enabled":true,"_links":{"self":[{"href":"http:\/\/www.ping-it.ch\/index.php\/wp-json\/wp\/v2\/pages\/7199","targetHints":{"allow":["GET"]}}],"collection":[{"href":"http:\/\/www.ping-it.ch\/index.php\/wp-json\/wp\/v2\/pages"}],"about":[{"href":"http:\/\/www.ping-it.ch\/index.php\/wp-json\/wp\/v2\/types\/page"}],"author":[{"embeddable":true,"href":"http:\/\/www.ping-it.ch\/index.php\/wp-json\/wp\/v2\/users\/1"}],"replies":[{"embeddable":true,"href":"http:\/\/www.ping-it.ch\/index.php\/wp-json\/wp\/v2\/comments?post=7199"}],"version-history":[{"count":3,"href":"http:\/\/www.ping-it.ch\/index.php\/wp-json\/wp\/v2\/pages\/7199\/revisions"}],"predecessor-version":[{"id":7202,"href":"http:\/\/www.ping-it.ch\/index.php\/wp-json\/wp\/v2\/pages\/7199\/revisions\/7202"}],"wp:attachment":[{"href":"http:\/\/www.ping-it.ch\/index.php\/wp-json\/wp\/v2\/media?parent=7199"}],"curies":[{"name":"wp","href":"https:\/\/api.w.org\/{rel}","templated":true}]}}