{"id":6635,"date":"2019-05-10T14:40:15","date_gmt":"2019-05-10T14:40:15","guid":{"rendered":"http:\/\/impreza.us-themes.com\/?page_id=6635"},"modified":"2024-07-25T07:47:15","modified_gmt":"2024-07-25T05:47:15","slug":"home","status":"publish","type":"page","link":"https:\/\/www.ping-it.ch\/","title":{"rendered":"home"},"content":{"rendered":"<section class=\"l-section wpb_row height_medium color_primary with_img with_shape\"><div class=\"l-section-img\" role=\"img\" data-img-width=\"2560\" data-img-height=\"1707\" style=\"background-image: url(https:\/\/www.ping-it.ch\/wp-content\/uploads\/2019\/11\/ethernet-490027_4008x2672-scaled.jpg);\"><\/div><div class=\"l-section-shape type_zigzag pos_bottom\" style=\"height:15vmin;\"><svg xmlns=\"http:\/\/www.w3.org\/2000\/svg\" viewBox=\"0 0 64 8\" preserveAspectRatio=\"none\" width=\"100%\" height=\"100%\">\r\n\t<path fill=\"currentColor\" d=\"M64 8 L0 8 L0 0 L20 7.9 L40 3 L48 5 L64 0 Z\"\/>\r\n<\/svg><\/div><div class=\"l-section-h i-cf\"><div class=\"g-cols vc_row via_flex valign_top type_default stacking_default\"><div class=\"vc_col-sm-12 wpb_column vc_column_container\"><div class=\"vc_column-inner\"><div class=\"wpb_wrapper\"><h1 class=\"w-itext us_custom_444db2f1 has_text_color type_zoomInChars align_center\" onclick='return {&quot;duration&quot;:12.5,&quot;delay&quot;:3000,&quot;disablePartAnimation&quot;:false,&quot;html_nbsp_char&quot;:true}'><span class=\"w-itext-part changesat_0 changesat_1 changesat_2 changesat_3 changesat_4 changesat_5 dynamic\" onclick='return [&quot;it\\u00a0support&quot;,&quot;cloud\\u00a0migrationen&quot;,&quot;voip\\u00a0telefonie&quot;,&quot;office\\u00a0365\\u00a0-\\u00a0l\\u00f6sungen&quot;,&quot;azure\\u00a0server&quot;,&quot;netzwerkl\\u00f6sungen&quot;]'><span>it&nbsp;support<\/span><\/span><\/h1><div class=\"w-separator size_custom\" style=\"height:12vh\"><\/div><\/div><\/div><\/div><\/div><\/div><\/section><section class=\"l-section wpb_row height_medium\"><div class=\"l-section-h i-cf\"><div class=\"g-cols vc_row via_flex valign_top type_default stacking_default\"><div class=\"vc_col-sm-12 wpb_column vc_column_container\"><div class=\"vc_column-inner\"><div class=\"wpb_wrapper\"><div class=\"wpb_text_column\"><div class=\"wpb_wrapper\"><h4 style=\"text-align: center;\">herzlich willkommen bei der ping it ag<\/h4>\n<h4 style=\"text-align: center;\">ihr informatikteam f\u00fcr transport- und logistikfirmen, kleinere kmu&#8217;s, industrie- und baukleingewerbe und auch den einmannbetrieb<\/h4>\n<p>&nbsp;<\/p>\n<p style=\"text-align: center;\"><img loading=\"lazy\" decoding=\"async\" class=\"alignnone size-medium wp-image-7174\" src=\"http:\/\/www.ping-it.ch\/wp-content\/uploads\/2019\/11\/logo_ping-300x120.jpg\" alt=\"\" width=\"300\" height=\"120\" srcset=\"https:\/\/www.ping-it.ch\/wp-content\/uploads\/2019\/11\/logo_ping-300x120.jpg 300w, https:\/\/www.ping-it.ch\/wp-content\/uploads\/2019\/11\/logo_ping-1024x410.jpg 1024w, https:\/\/www.ping-it.ch\/wp-content\/uploads\/2019\/11\/logo_ping-1536x615.jpg 1536w, https:\/\/www.ping-it.ch\/wp-content\/uploads\/2019\/11\/logo_ping.jpg 1588w\" sizes=\"auto, (max-width: 300px) 100vw, 300px\" \/><\/p>\n<\/div><\/div><div class=\"w-separator size_large\"><\/div><\/div><\/div><\/div><\/div><\/div><\/section><section class=\"l-section wpb_row us_custom_8d5aa4e2 height_auto color_alternate\" id=\"third\"><div class=\"l-section-h i-cf\"><div class=\"g-cols vc_row via_flex valign_top type_default stacking_default\"><div class=\"vc_col-sm-12 wpb_column vc_column_container\"><div class=\"vc_column-inner\"><div class=\"wpb_wrapper\"><div class=\"w-separator size_huge\"><\/div><div class=\"wpb_text_column\"><div class=\"wpb_wrapper\"><h2 style=\"text-align: center;\">leistungsangebot<\/h2>\n<\/div><\/div><div class=\"w-separator size_large\"><\/div><div class=\"g-cols wpb_row via_flex valign_top type_default stacking_default\"><div class=\"vc_col-sm-4 wpb_column vc_column_container\"><div class=\"vc_column-inner\"><div class=\"wpb_wrapper\"><div class=\"w-iconbox iconpos_left style_default color_primary align_left\"><div class=\"w-iconbox-icon\" style=\"font-size:2rem;\"><i class=\"far fa-life-ring\"><\/i><\/div><div class=\"w-iconbox-meta\"><h4 class=\"w-iconbox-title\">support<\/h4><div class=\"w-iconbox-text\"><p>unser kleines spezialisten-team unterst\u00fctzt sie gerne und kompetent via telefon und teamviewer, falls n\u00f6tig auch vorort bei ihren allt\u00e4glichen sorgen und schwierigkeiten in allen it-belangen.<\/p>\n<\/div><\/div><\/div><\/div><\/div><\/div><div class=\"vc_col-sm-4 wpb_column vc_column_container\"><div class=\"vc_column-inner\"><div class=\"wpb_wrapper\"><div class=\"w-iconbox iconpos_left style_default color_primary align_left\"><div class=\"w-iconbox-icon\" style=\"font-size:2rem;\"><i class=\"far fa-cloud\"><\/i><\/div><div class=\"w-iconbox-meta\"><h4 class=\"w-iconbox-title\">cloud services<\/h4><div class=\"w-iconbox-text\"><p>wir sind ihr ansprechpartner f\u00fcr migrationen und neuimplementationen im bereich von cloudanwendungen (z.B. office 365, azure, onedrive, sharepointonline, uvm.)<\/p>\n<\/div><\/div><\/div><\/div><\/div><\/div><div class=\"vc_col-sm-4 wpb_column vc_column_container\"><div class=\"vc_column-inner\"><div class=\"wpb_wrapper\"><div class=\"w-iconbox iconpos_left style_default color_primary align_left\"><div class=\"w-iconbox-icon\" style=\"font-size:2rem;\"><i class=\"far fa-phone\"><\/i><\/div><div class=\"w-iconbox-meta\"><h4 class=\"w-iconbox-title\">voice over ip<\/h4><div class=\"w-iconbox-text\"><p>wir beraten, installieren und begleiten sie bei der umstellung auf voice over ip.<\/p>\n<\/div><\/div><\/div><\/div><\/div><\/div><\/div><div class=\"w-separator size_medium\"><\/div><div class=\"g-cols wpb_row via_flex valign_top type_default stacking_default\"><div class=\"vc_col-sm-4 wpb_column vc_column_container\"><div class=\"vc_column-inner\"><div class=\"wpb_wrapper\"><div class=\"w-iconbox iconpos_left style_default color_primary align_left\"><div class=\"w-iconbox-icon\" style=\"font-size:2rem;\"><i class=\"far fa-handshake\"><\/i><\/div><div class=\"w-iconbox-meta\"><h4 class=\"w-iconbox-title\">dienstleistungen<\/h4><div class=\"w-iconbox-text\"><p>wir bieten ihnen schulungen, testing und projektmanagment an, welche auf ihre bed\u00fcrfnisse zugeschnitten sind.<\/p>\n<\/div><\/div><\/div><\/div><\/div><\/div><div class=\"vc_col-sm-4 wpb_column vc_column_container\"><div class=\"vc_column-inner\"><div class=\"wpb_wrapper\"><div class=\"w-iconbox iconpos_left style_default color_primary align_left\"><div class=\"w-iconbox-icon\" style=\"font-size:2rem;\"><i class=\"far fa-network-wired\"><\/i><\/div><div class=\"w-iconbox-meta\"><h4 class=\"w-iconbox-title\">netzwerke<\/h4><div class=\"w-iconbox-text\"><p>wir planen und realisieren netzwerkumgebungen inkl. der passenden hardware.<\/p>\n<\/div><\/div><\/div><\/div><\/div><\/div><div class=\"vc_col-sm-4 wpb_column vc_column_container\"><div class=\"vc_column-inner\"><div class=\"wpb_wrapper\"><div class=\"w-iconbox iconpos_left style_default color_primary align_left\"><div class=\"w-iconbox-icon\" style=\"font-size:2rem;\"><i class=\"far fa-desktop\"><\/i><\/div><div class=\"w-iconbox-meta\"><h4 class=\"w-iconbox-title\">hardware<\/h4><div class=\"w-iconbox-text\"><p>beratung, verkauf und installation von hardware.<\/p>\n<\/div><\/div><\/div><\/div><\/div><\/div><\/div><div class=\"w-separator size_medium\"><\/div><div class=\"g-cols wpb_row via_flex valign_top type_default stacking_default\"><div class=\"vc_col-sm-4 wpb_column vc_column_container\"><div class=\"vc_column-inner\"><div class=\"wpb_wrapper\"><div class=\"w-iconbox iconpos_left style_default color_primary align_left\"><div class=\"w-iconbox-icon\" style=\"font-size:2rem;\"><i class=\"far fa-mobile\"><\/i><\/div><div class=\"w-iconbox-meta\"><h4 class=\"w-iconbox-title\">mdm &#8211; mobile device management<\/h4><div class=\"w-iconbox-text\"><p>wir bieten mobile-device-management via microsoft intune f\u00fcr die verwaltung von mobilger\u00e4ten, notebooks oder pcs an.<\/p>\n<\/div><\/div><\/div><\/div><\/div><\/div><div class=\"vc_col-sm-4 wpb_column vc_column_container\"><div class=\"vc_column-inner\"><div class=\"wpb_wrapper\"><div class=\"w-iconbox iconpos_left style_default color_primary align_left\"><div class=\"w-iconbox-icon\" style=\"font-size:2rem;\"><i class=\"far fa-code\"><\/i><\/div><div class=\"w-iconbox-meta\"><h4 class=\"w-iconbox-title\">software<\/h4><div class=\"w-iconbox-text\"><p>wir programmieren f\u00fcr sie zugeschnittene softwarel\u00f6sungen auf serverumgebungen oder im mobilen bereich.<\/p>\n<\/div><\/div><\/div><\/div><\/div><\/div><div class=\"vc_col-sm-4 wpb_column vc_column_container\"><div class=\"vc_column-inner\"><div class=\"wpb_wrapper\"><div class=\"w-iconbox iconpos_left style_default color_primary align_left\"><div class=\"w-iconbox-icon\" style=\"font-size:2rem;\"><i class=\"fab fa-html5\"><\/i><\/div><div class=\"w-iconbox-meta\"><h4 class=\"w-iconbox-title\">domainservice &amp; websites<\/h4><div class=\"w-iconbox-text\"><p>betreuung von bestehenden oder entwicklung von neuen websites. webhosting inklusive der kompletten domainverwaltung.<\/p>\n<\/div><\/div><\/div><\/div><\/div><\/div><\/div><div class=\"w-separator size_custom\" style=\"height:15vh\"><\/div><\/div><\/div><\/div><\/div><\/div><\/section><section class=\"l-section wpb_row us_custom_4fb9e5a3 height_medium\" id=\"fourth\"><div class=\"l-section-h i-cf\"><div class=\"g-cols vc_row via_flex valign_top type_default stacking_default\"><div class=\"vc_col-sm-12 wpb_column vc_column_container\"><div class=\"vc_column-inner\"><div class=\"wpb_wrapper\"><div class=\"wpb_text_column\"><div class=\"wpb_wrapper\"><h2 style=\"text-align: center;\">unsere kunden<\/h2>\n<p style=\"text-align: center;\">es w\u00fcrde uns freuen auch sie zu unseren zufriedenen kunden z\u00e4hlen zu d\u00fcrfen. wir freuen uns \u00fcber ihre kontaktaufnahme.<\/p>\n<\/div><\/div><div class=\"w-separator size_medium\"><\/div><div class=\"w-grid type_grid layout_gallery_default cols_7 valign_center\" id=\"us_grid_1\" style=\"--columns:7;--gap:2rem;\" data-filterable=\"true\"><style>@media (max-width:1280px){#us_grid_1{--columns:1!important}}@media (max-width:1024px){#us_grid_1{--columns:1!important}}@media (max-width:600px){#us_grid_1{--columns:1!important}}.layout_gallery_default .w-grid-item-h{}<\/style><div class=\"w-grid-list\">\t<article class=\"w-grid-item size_1x1 post-7351 attachment type-attachment status-inherit hentry\" data-id=\"7351\">\r\n\t\t<div class=\"w-grid-item-h\">\r\n\t\t\t\t\t\t<div class=\"w-post-elm post_image usg_post_image_1 stretched\"><img loading=\"lazy\" decoding=\"async\" width=\"300\" height=\"101\" src=\"https:\/\/www.ping-it.ch\/wp-content\/uploads\/2019\/11\/hochitrans_logo_pant-300x101.png\" class=\"attachment-medium size-medium\" alt=\"\" srcset=\"https:\/\/www.ping-it.ch\/wp-content\/uploads\/2019\/11\/hochitrans_logo_pant-300x101.png 300w, https:\/\/www.ping-it.ch\/wp-content\/uploads\/2019\/11\/hochitrans_logo_pant.png 676w\" sizes=\"auto, (max-width: 300px) 100vw, 300px\" \/><\/div>\t\t<\/div>\r\n\t\t\t<\/article>\r\n\t<article class=\"w-grid-item size_1x1 post-7260 attachment type-attachment status-inherit hentry\" data-id=\"7260\">\r\n\t\t<div class=\"w-grid-item-h\">\r\n\t\t\t\t\t\t<div class=\"w-post-elm post_image usg_post_image_1 stretched\"><img loading=\"lazy\" decoding=\"async\" width=\"300\" height=\"142\" src=\"https:\/\/www.ping-it.ch\/wp-content\/uploads\/2019\/11\/Kunde_Logo_MassagepraxisJanineBachofner-300x142.jpg\" class=\"attachment-medium size-medium\" alt=\"\" srcset=\"https:\/\/www.ping-it.ch\/wp-content\/uploads\/2019\/11\/Kunde_Logo_MassagepraxisJanineBachofner-300x142.jpg 300w, https:\/\/www.ping-it.ch\/wp-content\/uploads\/2019\/11\/Kunde_Logo_MassagepraxisJanineBachofner.jpg 539w\" sizes=\"auto, (max-width: 300px) 100vw, 300px\" \/><\/div>\t\t<\/div>\r\n\t\t\t<\/article>\r\n\t<article class=\"w-grid-item size_1x1 post-7278 attachment type-attachment status-inherit hentry\" data-id=\"7278\">\r\n\t\t<div class=\"w-grid-item-h\">\r\n\t\t\t\t\t\t<div class=\"w-post-elm post_image usg_post_image_1 stretched\"><img loading=\"lazy\" decoding=\"async\" width=\"300\" height=\"83\" src=\"https:\/\/www.ping-it.ch\/wp-content\/uploads\/2019\/11\/Logo-Miclog-Expres.schwarz-300x83.png\" class=\"attachment-medium size-medium\" alt=\"\" srcset=\"https:\/\/www.ping-it.ch\/wp-content\/uploads\/2019\/11\/Logo-Miclog-Expres.schwarz-300x83.png 300w, https:\/\/www.ping-it.ch\/wp-content\/uploads\/2019\/11\/Logo-Miclog-Expres.schwarz-1024x283.png 1024w, https:\/\/www.ping-it.ch\/wp-content\/uploads\/2019\/11\/Logo-Miclog-Expres.schwarz-1536x424.png 1536w, https:\/\/www.ping-it.ch\/wp-content\/uploads\/2019\/11\/Logo-Miclog-Expres.schwarz-2048x565.png 2048w\" sizes=\"auto, (max-width: 300px) 100vw, 300px\" \/><\/div>\t\t<\/div>\r\n\t\t\t<\/article>\r\n\t<article class=\"w-grid-item size_1x1 post-7258 attachment type-attachment status-inherit hentry\" data-id=\"7258\">\r\n\t\t<div class=\"w-grid-item-h\">\r\n\t\t\t\t\t\t<div class=\"w-post-elm post_image usg_post_image_1 stretched\"><img loading=\"lazy\" decoding=\"async\" width=\"280\" height=\"195\" src=\"https:\/\/www.ping-it.ch\/wp-content\/uploads\/2019\/11\/Kunde_Logo_GO.jpg\" class=\"attachment-medium size-medium\" alt=\"\" \/><\/div>\t\t<\/div>\r\n\t\t\t<\/article>\r\n<\/div><div class=\"w-grid-preloader\">\t<div class=\"g-preloader type_1\">\r\n\t\t<div><\/div>\r\n\t<\/div>\r\n\t<\/div>\t<div class=\"w-grid-json hidden\" onclick='return {&quot;action&quot;:&quot;us_ajax_grid&quot;,&quot;infinite_scroll&quot;:0,&quot;max_num_pages&quot;:1,&quot;pagination&quot;:&quot;none&quot;,&quot;template_vars&quot;:{&quot;columns&quot;:&quot;7&quot;,&quot;exclude_items&quot;:&quot;none&quot;,&quot;img_size&quot;:&quot;medium&quot;,&quot;ignore_items_size&quot;:0,&quot;items_layout&quot;:&quot;gallery_default&quot;,&quot;items_offset&quot;:&quot;1&quot;,&quot;load_animation&quot;:&quot;none&quot;,&quot;overriding_link&quot;:&quot;%7B%22url%22%3A%22%22%7D&quot;,&quot;post_id&quot;:0,&quot;query_args&quot;:{&quot;post_type&quot;:[&quot;attachment&quot;],&quot;post__in&quot;:[&quot;7351&quot;,&quot;7278&quot;,&quot;7258&quot;,&quot;7260&quot;],&quot;post_status&quot;:&quot;inherit&quot;,&quot;post_mime_type&quot;:&quot;image&quot;,&quot;posts_per_page&quot;:999},&quot;orderby_query_args&quot;:{&quot;orderby&quot;:&quot;RAND(1057030020)&quot;},&quot;type&quot;:&quot;grid&quot;,&quot;us_grid_post_type&quot;:&quot;attachment&quot;,&quot;us_grid_ajax_index&quot;:1,&quot;us_grid_filter_query_string&quot;:null,&quot;us_grid_index&quot;:1,&quot;page_args&quot;:[]}}'><\/div>\r\n\t<\/div><\/div><\/div><\/div><\/div><\/div><\/section><section class=\"l-section wpb_row height_medium\"><div class=\"l-section-h i-cf\"><div class=\"g-cols vc_row via_flex valign_top type_default stacking_default\"><div class=\"vc_col-sm-12 wpb_column vc_column_container\"><div class=\"vc_column-inner\"><div class=\"wpb_wrapper\"><\/div><\/div><\/div><\/div><\/div><\/section>\n","protected":false},"excerpt":{"rendered":"","protected":false},"author":1,"featured_media":0,"parent":0,"menu_order":0,"comment_status":"closed","ping_status":"closed","template":"","meta":{"_acf_changed":false,"footnotes":""},"class_list":["post-6635","page","type-page","status-publish","hentry"],"acf":[],"jetpack_sharing_enabled":true,"_links":{"self":[{"href":"https:\/\/www.ping-it.ch\/index.php\/wp-json\/wp\/v2\/pages\/6635","targetHints":{"allow":["GET"]}}],"collection":[{"href":"https:\/\/www.ping-it.ch\/index.php\/wp-json\/wp\/v2\/pages"}],"about":[{"href":"https:\/\/www.ping-it.ch\/index.php\/wp-json\/wp\/v2\/types\/page"}],"author":[{"embeddable":true,"href":"https:\/\/www.ping-it.ch\/index.php\/wp-json\/wp\/v2\/users\/1"}],"replies":[{"embeddable":true,"href":"https:\/\/www.ping-it.ch\/index.php\/wp-json\/wp\/v2\/comments?post=6635"}],"version-history":[{"count":52,"href":"https:\/\/www.ping-it.ch\/index.php\/wp-json\/wp\/v2\/pages\/6635\/revisions"}],"predecessor-version":[{"id":7423,"href":"https:\/\/www.ping-it.ch\/index.php\/wp-json\/wp\/v2\/pages\/6635\/revisions\/7423"}],"wp:attachment":[{"href":"https:\/\/www.ping-it.ch\/index.php\/wp-json\/wp\/v2\/media?parent=6635"}],"curies":[{"name":"wp","href":"https:\/\/api.w.org\/{rel}","templated":true}]}}